{"id":67,"date":"2024-01-16T22:17:09","date_gmt":"2024-01-16T21:17:09","guid":{"rendered":"https:\/\/humanities-sustainability.com\/?page_id=67"},"modified":"2024-02-26T07:06:36","modified_gmt":"2024-02-26T06:06:36","slug":"kontakt","status":"publish","type":"page","link":"https:\/\/humanities-sustainability.com\/index.php\/kontakt\/","title":{"rendered":"Kontakt"},"content":{"rendered":"\n<p>Pre z\u00edskanie \u010fal\u0161\u00edch inform\u00e1ci\u00ed, ako i v pr\u00edpade z\u00e1ujmu o \u010dlenstvo n\u00e1s kontaktujte na adrese:<\/p>\n\n\n\n<p>kondrlap@gmail.com<\/p>\n","protected":false},"excerpt":{"rendered":"<p>Pre z\u00edskanie \u010fal\u0161\u00edch inform\u00e1ci\u00ed, ako i v pr\u00edpade z\u00e1ujmu o \u010dlenstvo n\u00e1s kontaktujte na adrese: kondrlap@gmail.com<\/p>\n","protected":false},"author":1,"featured_media":0,"parent":0,"menu_order":0,"comment_status":"closed","ping_status":"closed","template":"","meta":{"om_disable_all_campaigns":false,"_monsterinsights_skip_tracking":false,"_monsterinsights_sitenote_active":false,"_monsterinsights_sitenote_note":"","_monsterinsights_sitenote_category":0,"footnotes":""},"aioseo_notices":[],"_links":{"self":[{"href":"https:\/\/humanities-sustainability.com\/index.php\/wp-json\/wp\/v2\/pages\/67"}],"collection":[{"href":"https:\/\/humanities-sustainability.com\/index.php\/wp-json\/wp\/v2\/pages"}],"about":[{"href":"https:\/\/humanities-sustainability.com\/index.php\/wp-json\/wp\/v2\/types\/page"}],"author":[{"embeddable":true,"href":"https:\/\/humanities-sustainability.com\/index.php\/wp-json\/wp\/v2\/users\/1"}],"replies":[{"embeddable":true,"href":"https:\/\/humanities-sustainability.com\/index.php\/wp-json\/wp\/v2\/comments?post=67"}],"version-history":[{"count":2,"href":"https:\/\/humanities-sustainability.com\/index.php\/wp-json\/wp\/v2\/pages\/67\/revisions"}],"predecessor-version":[{"id":128,"href":"https:\/\/humanities-sustainability.com\/index.php\/wp-json\/wp\/v2\/pages\/67\/revisions\/128"}],"wp:attachment":[{"href":"https:\/\/humanities-sustainability.com\/index.php\/wp-json\/wp\/v2\/media?parent=67"}],"curies":[{"name":"wp","href":"https:\/\/api.w.org\/{rel}","templated":true}]}}