{"id":30,"date":"2023-12-12T10:39:46","date_gmt":"2023-12-12T09:39:46","guid":{"rendered":"https:\/\/humanities-sustainability.com\/?page_id=30"},"modified":"2024-01-16T22:07:21","modified_gmt":"2024-01-16T21:07:21","slug":"clenstvo","status":"publish","type":"page","link":"https:\/\/humanities-sustainability.com\/index.php\/clenstvo\/","title":{"rendered":"\u010clenstvo"},"content":{"rendered":"\n<p>\u010clenstvo v IFHS je dobrovo\u013en\u00e9 a umo\u017e\u0148uje \u010dlenovi akt\u00edvne sa podie\u013ea\u0165 na projektoch a aktivit\u00e1ch realizovan\u00fdch In\u0161tit\u00fatom. <\/p>\n\n\n\n<p>Viac inform\u00e1cii n\u00e1jdete v Szanov\u00e1ch IFHS.<\/p>\n\n\n\n<p>V pr\u00edpade z\u00e1ujmu o \u010dlenstvo, n\u00e1s kontaktujte.<\/p>\n\n\n\n<p><\/p>\n","protected":false},"excerpt":{"rendered":"<p>\u010clenstvo v IFHS je dobrovo\u013en\u00e9 a umo\u017e\u0148uje \u010dlenovi akt\u00edvne sa podie\u013ea\u0165 na projektoch a aktivit\u00e1ch realizovan\u00fdch In\u0161tit\u00fatom. Viac inform\u00e1cii n\u00e1jdete v Szanov\u00e1ch IFHS. V pr\u00edpade z\u00e1ujmu o \u010dlenstvo, n\u00e1s kontaktujte.<\/p>\n","protected":false},"author":1,"featured_media":0,"parent":0,"menu_order":0,"comment_status":"closed","ping_status":"closed","template":"","meta":{"om_disable_all_campaigns":false,"_monsterinsights_skip_tracking":false,"_monsterinsights_sitenote_active":false,"_monsterinsights_sitenote_note":"","_monsterinsights_sitenote_category":0,"footnotes":""},"aioseo_notices":[],"_links":{"self":[{"href":"https:\/\/humanities-sustainability.com\/index.php\/wp-json\/wp\/v2\/pages\/30"}],"collection":[{"href":"https:\/\/humanities-sustainability.com\/index.php\/wp-json\/wp\/v2\/pages"}],"about":[{"href":"https:\/\/humanities-sustainability.com\/index.php\/wp-json\/wp\/v2\/types\/page"}],"author":[{"embeddable":true,"href":"https:\/\/humanities-sustainability.com\/index.php\/wp-json\/wp\/v2\/users\/1"}],"replies":[{"embeddable":true,"href":"https:\/\/humanities-sustainability.com\/index.php\/wp-json\/wp\/v2\/comments?post=30"}],"version-history":[{"count":2,"href":"https:\/\/humanities-sustainability.com\/index.php\/wp-json\/wp\/v2\/pages\/30\/revisions"}],"predecessor-version":[{"id":63,"href":"https:\/\/humanities-sustainability.com\/index.php\/wp-json\/wp\/v2\/pages\/30\/revisions\/63"}],"wp:attachment":[{"href":"https:\/\/humanities-sustainability.com\/index.php\/wp-json\/wp\/v2\/media?parent=30"}],"curies":[{"name":"wp","href":"https:\/\/api.w.org\/{rel}","templated":true}]}}