{"id":21,"date":"2023-12-12T10:38:16","date_gmt":"2023-12-12T09:38:16","guid":{"rendered":"https:\/\/humanities-sustainability.com\/?page_id=21"},"modified":"2024-01-16T22:11:19","modified_gmt":"2024-01-16T21:11:19","slug":"ine-aktivity","status":"publish","type":"page","link":"https:\/\/humanities-sustainability.com\/index.php\/ine-aktivity\/","title":{"rendered":"In\u00e9 aktivity"},"content":{"rendered":"\n<p>Akttu\u00e1lne prirpavujeme konferenciu<\/p>\n\n\n\n<p><strong>Kres\u0165ansk\u00e9 hodnoty a trvalo udr\u017eate\u013en\u00e1 spolo\u010dnos\u0165<\/strong><\/p>\n\n\n\n<p><strong>17.04.2024<\/strong><\/p>\n\n\n\n<p><strong>Univerzita Kon\u0161tant\u00edna Filozofa v Nitre<\/strong><\/p>\n\n\n\n<p>Konferencia sa kon\u00e1 v&nbsp;r\u00e1mci Roka kres\u0165anskej kult\u00fary, ktor\u00fd m\u00e1 amb\u00edciu prispieva\u0165 k scitlivovaniu, k vz\u00e1jomnej \u00facte medzi obyvate\u013emi, k rozv\u00edjaniu slobody, zodpovednosti, anga\u017eovanosti a k poukazovaniu na to, \u017ee nikto nie je vynechan\u00fd, ale m\u00e1 tu svoje miesto.<\/p>\n\n\n\n<p>V&nbsp;tomto zmysle &nbsp;sa konferencia zameriava na definovanie kontextu\u00e1lneho r\u00e1mca, do ktor\u00e9ho s\u00fa zasaden\u00e9 kres\u0165ansk\u00e9 hodnoty a vo vymedzenom r\u00e1mci stimulova\u0165 diskusiu o&nbsp;mo\u017en\u00fdch interpret\u00e1ci\u00e1ch kres\u0165ansk\u00fdch hodn\u00f4t v&nbsp;rozmanit\u00fdch konceptoch vedeck\u00e9ho b\u00e1dania a&nbsp;spolo\u010denskej praxe. Spolo\u010dn\u00fdm mot\u00edvom bude prezentovanie kres\u0165ansk\u00fdch hodn\u00f4t ako motiva\u010dn\u00fdch a&nbsp;z\u00e1rove\u0148 regula\u010dn\u00fdch faktorov nevyhnutn\u00fdch pre vytv\u00e1ranie a&nbsp;rozvoj trvalo udr\u017eate\u013enej spolo\u010dnosti.<\/p>\n\n\n\n<p>Vedeck\u00e1 konferencia je s\u00fa\u010das\u0165ou rie\u0161enia vedeck\u00e9ho projektu APVV \u2013 22 &#8211; 0204<\/p>\n","protected":false},"excerpt":{"rendered":"<p>Akttu\u00e1lne prirpavujeme konferenciu Kres\u0165ansk\u00e9 hodnoty a trvalo udr\u017eate\u013en\u00e1 spolo\u010dnos\u0165 17.04.2024 Univerzita Kon\u0161tant\u00edna Filozofa v Nitre Konferencia sa kon\u00e1 v&nbsp;r\u00e1mci Roka kres\u0165anskej kult\u00fary, ktor\u00fd m\u00e1 amb\u00edciu prispieva\u0165 k scitlivovaniu, k vz\u00e1jomnej \u00facte medzi obyvate\u013emi, k rozv\u00edjaniu slobody, zodpovednosti, anga\u017eovanosti a k poukazovaniu na to, \u017ee nikto nie je vynechan\u00fd, ale m\u00e1 tu svoje miesto. V&nbsp;tomto zmysle [&hellip;]<\/p>\n","protected":false},"author":1,"featured_media":0,"parent":0,"menu_order":0,"comment_status":"closed","ping_status":"closed","template":"","meta":{"om_disable_all_campaigns":false,"_monsterinsights_skip_tracking":false,"_monsterinsights_sitenote_active":false,"_monsterinsights_sitenote_note":"","_monsterinsights_sitenote_category":0,"footnotes":""},"aioseo_notices":[],"_links":{"self":[{"href":"https:\/\/humanities-sustainability.com\/index.php\/wp-json\/wp\/v2\/pages\/21"}],"collection":[{"href":"https:\/\/humanities-sustainability.com\/index.php\/wp-json\/wp\/v2\/pages"}],"about":[{"href":"https:\/\/humanities-sustainability.com\/index.php\/wp-json\/wp\/v2\/types\/page"}],"author":[{"embeddable":true,"href":"https:\/\/humanities-sustainability.com\/index.php\/wp-json\/wp\/v2\/users\/1"}],"replies":[{"embeddable":true,"href":"https:\/\/humanities-sustainability.com\/index.php\/wp-json\/wp\/v2\/comments?post=21"}],"version-history":[{"count":2,"href":"https:\/\/humanities-sustainability.com\/index.php\/wp-json\/wp\/v2\/pages\/21\/revisions"}],"predecessor-version":[{"id":65,"href":"https:\/\/humanities-sustainability.com\/index.php\/wp-json\/wp\/v2\/pages\/21\/revisions\/65"}],"wp:attachment":[{"href":"https:\/\/humanities-sustainability.com\/index.php\/wp-json\/wp\/v2\/media?parent=21"}],"curies":[{"name":"wp","href":"https:\/\/api.w.org\/{rel}","templated":true}]}}