{"id":18,"date":"2023-12-12T10:38:16","date_gmt":"2023-12-12T09:38:16","guid":{"rendered":"https:\/\/humanities-sustainability.com\/?page_id=18"},"modified":"2023-12-14T21:41:35","modified_gmt":"2023-12-14T20:41:35","slug":"stanovy","status":"publish","type":"page","link":"https:\/\/humanities-sustainability.com\/index.php\/stanovy\/","title":{"rendered":"Stanovy"},"content":{"rendered":"\n<p><strong>STANOVY OB\u010cIANSKEHO ZDRU\u017dENIA<\/strong><\/p>\n\n\n\n<p>pod\u013ea z\u00e1kona \u010d. 83\/1990 Zb. o zdru\u017eovan\u00ed ob\u010danov v znen\u00ed neskor\u0161\u00edch predpisov<\/p>\n\n\n\n<p><strong>\u010cl\u00e1nok I<\/strong><\/p>\n\n\n\n<p><strong>Z\u00e1kladn\u00e9 ustanovenia<\/strong><\/p>\n\n\n\n<ol type=\"1\">\n<li>N\u00e1zov zdru\u017eenia: Institute for Humanities and Sustainability<\/li>\n\n\n\n<li>S\u00eddlo zdru\u017eenia: P.O. Hviezdoslava 2169\/6, Topo\u013e\u010dany 955 01.<\/li>\n\n\n\n<li>Pr\u00e1vna forma: ob\u010dianske zdru\u017eenie.<\/li>\n\n\n\n<li>Zdru\u017eenie je dobrovo\u013en\u00fdm, nepolitick\u00fdm a neziskov\u00fdm z\u00e1ujmov\u00fdm zdru\u017een\u00edm fyzick\u00fdch a pr\u00e1vnick\u00fdch os\u00f4b.<\/li>\n\n\n\n<li>Zdru\u017eenie je samostatnou organiz\u00e1ciou s pr\u00e1vnou subjektivitou, ktor\u00e1 svoju \u010dinnos\u0165 rozv\u00edja v s\u00falade \u00dastavou Slovenskej republiky a platn\u00fdmi z\u00e1konmi.<\/li>\n\n\n\n<li>Zdru\u017eenie m\u00f4\u017ee vstupova\u0165 ako samostatn\u00fd objekt do vz\u0165ahu s in\u00fdmi organiz\u00e1ciami sleduj\u00facimi podobn\u00e9 ciele v Slovenskej republike a zahrani\u010d\u00ed.<\/li>\n\n\n\n<li>Ofici\u00e1lnou skr\u00e1tenou verziou n\u00e1zvu je skratka IFHS.<\/li>\n<\/ol>\n\n\n\n<p><strong>\u010cl\u00e1nok II<\/strong><\/p>\n\n\n\n<p>Ciele zdru\u017eenia a hlavn\u00e1 \u010dinnos\u0165<\/p>\n\n\n\n<ol type=\"1\">\n<li>Cie\u013eom zdru\u017eenia je vykon\u00e1va\u0165 a podporova\u0165 v\u00fdskum v&nbsp;oblasti humanitn\u00fdch vied a&nbsp;pr\u00edbuzn\u00fdch vedn\u00fdch odborov sleduj\u00fac hodnoty a ciele trvalo udr\u017eate\u013en\u00e9ho rozvoja v&nbsp;glob\u00e1lnom kontexte.<\/li>\n\n\n\n<li>&nbsp;V\u00fdsledky v\u00fdskumu implementova\u0165 do soci\u00e1lnej praxe vo v\u0161etk\u00fdch relevantn\u00fdch oblastiach.<\/li>\n\n\n\n<li>Na naplnenie svojich cie\u013eov orientuje IFHS svoju hlavn\u00fa \u010dinnos\u0165, najm\u00e4 na:<\/li>\n<\/ol>\n\n\n\n<p>a) Realiz\u00e1ciu v\u00fdskumu a&nbsp;rie\u0161enie v\u00fdskumn\u00fdch projektov hlavne v&nbsp;oblasti hodn\u00f4t trvalo udr\u017eate\u013en\u00e9ho rozvoja v&nbsp;glob\u00e1lnom kontexte tak, ako s\u00fa zadefinovan\u00e9 v&nbsp;cie\u013eoch udr\u017eate\u013en\u00e9ho rozvoja Organiz\u00e1cie spojen\u00fdch n\u00e1rodov.<\/p>\n\n\n\n<p>b) Implement\u00e1cia v\u00fdsledkov v\u00fdskumu do vzdel\u00e1vania vo v\u0161etk\u00fdch stup\u0148och \u0161k\u00f4l, akt\u00edvna spolupr\u00e1ca so z\u00e1kladn\u00fdmi, stredn\u00fdmi a&nbsp;vysok\u00fdmi \u0161kolami v&nbsp;r\u00e1mci rie\u0161enia v\u00fdskumn\u00fdch projektov. Podpora soci\u00e1lneho prostredia s&nbsp;dominanciou hodn\u00f4t trvalej udr\u017eate\u013enosti.<\/p>\n\n\n\n<p>c) Aktivity zameran\u00e9 na podporu trvalo udr\u017eate\u013en\u00e9ho rozvoja v&nbsp;ob\u010dianskej spolo\u010dnosti. Podpora akci\u00ed &nbsp;a&nbsp;vyd\u00e1vanie publik\u00e1ci\u00ed rozv\u00edjaj\u00facich my\u0161lienky trvalej udr\u017eate\u013enosti.<\/p>\n\n\n\n<p>d) Zabezpe\u010dovanie a organizovanie odborn\u00fdch semin\u00e1rov, workshopov a vedeck\u00fdch konferenci\u00ed a&nbsp;in\u00fdch podujat\u00ed s cie\u013eom prezentova\u0165 v\u00fdsledky v\u00fdskumu a&nbsp;\u010falej rozv\u00edja\u0165 poznanie a&nbsp;mo\u017enosti jeho vyu\u017eitia v&nbsp;oblasti trvalo udr\u017eate\u013en\u00e9ho rozvoja tak v&nbsp;SR ako aj v&nbsp;zahrani\u010d\u00ed.<\/p>\n\n\n\n<p>e) Vytv\u00e1ranie medzin\u00e1rodnej siete odborn\u00edkov v&nbsp;oblasti trvalej udr\u017eate\u013enosti, podpora komunik\u00e1cie a&nbsp;transf\u00e9ru my\u0161lienok podporuj\u00facich hodnoty \u013eudskej d\u00f4stojnosti, kooper\u00e1cie a&nbsp;vz\u00e1jomnej zodpovednosti.<\/p>\n\n\n\n<p><strong>\u010cl\u00e1nok 4<\/strong><\/p>\n\n\n\n<p><strong>Org\u00e1ny zdru\u017eenia a sp\u00f4sob ich ustanovenia<\/strong><\/p>\n\n\n\n<p>Org\u00e1nmi IFHS s\u00fa:<\/p>\n\n\n\n<p>a) Valn\u00e9 zhroma\u017edenie \u010dlenov IFHS<\/p>\n\n\n\n<p>b) Rada IFHS<\/p>\n\n\n\n<p>c) Riadite\u013e IFHS<\/p>\n\n\n\n<p><strong>\u010cl\u00e1nok 5<\/strong><\/p>\n\n\n\n<p><strong>Valn\u00e9 zhroma\u017edenie \u010dlenov IFHS<\/strong><\/p>\n\n\n\n<p>Valn\u00e9 zhroma\u017edenie \u010dlenov IFHS je najvy\u0161\u0161\u00edm org\u00e1nom. Tvoria ho v\u0161etci \u010dlenovia zdru\u017eenia. Valn\u00e9 zhroma\u017edenie zvol\u00e1va riadite\u013e IFHS pod\u013ea potreby, najmenej jedenkr\u00e1t ro\u010dne, alebo na z\u00e1klade \u017eiadosti aspo\u0148 polovice \u010dlenov zdru\u017eenia. Je uzn\u00e1\u0161aniaschopn\u00e9, ke\u010f je pr\u00edtomn\u00fdch aspo\u0148 2\/3 v\u0161etk\u00fdch \u010dlenov. Valn\u00e9 zhroma\u017edenie \u010dlenov IFHS prij\u00edma svoje rozhodnutia nadpolovi\u010dnou v\u00e4\u010d\u0161inou pr\u00edtomn\u00fdch \u010dlenov, ak tieto stanovy nestanovuj\u00fa inak. V pr\u00edpade potreby je mo\u017en\u00e9 uskuto\u010dni\u0165 hlasovanie Valn\u00e9ho zhroma\u017edenia \u010dlenov IFHS prostredn\u00edctvom hlasovania per rollam. Pravidl\u00e1 hlasovania per rollam ur\u010duje riadite\u013e IFHS, ktor\u00fd je povinn\u00fd o nich obozn\u00e1mi\u0165 v\u0161etk\u00fdch \u010dlenov Valn\u00e9ho zhroma\u017edenia \u010dlenov IFHS.<\/p>\n\n\n\n<p>Do p\u00f4sobnosti Valn\u00e9ho zhroma\u017edenia \u010dlenov IFHS patr\u00ed:<\/p>\n\n\n\n<ol type=\"a\">\n<li>voli\u0165 a odvol\u00e1va\u0165 \u010dlenov rady, na obdobie 5 &nbsp;rokov a schva\u013eova\u0165 odmenu za ich \u010dinnos\u0165,<\/li>\n\n\n\n<li>schva\u013eova\u0165 v\u00fdro\u010dn\u00fa spr\u00e1vu o hospod\u00e1ren\u00ed,<\/li>\n\n\n\n<li>rozhodova\u0165 o \u010fal\u0161\u00edch ot\u00e1zkach s\u00favisiacich s \u010dinnos\u0165ou zdru\u017eenia, pokia\u013e opr\u00e1vnenie rozhodova\u0165 o tejto ot\u00e1zke nepatr\u00ed in\u00e9mu org\u00e1nu IFHS,<\/li>\n\n\n\n<li>rozhodova\u0165 o zru\u0161en\u00ed IFHS a o osobe likvid\u00e1tora a jeho odmene,<\/li>\n\n\n\n<li>rozhodova\u0165 o z\u00e1le\u017eitostiach strategick\u00e9ho v\u00fdznamu, ako s\u00fa strategick\u00e9 ciele, smerovanie IFHS a priority \u010dinnost\u00ed.<\/li>\n<\/ol>\n\n\n\n<p><strong>\u010cl\u00e1nok 6<\/strong><\/p>\n\n\n\n<p><strong>Rada IFHS<\/strong><\/p>\n\n\n\n<p>Rada je v\u00fdkonn\u00fdm org\u00e1nom zdru\u017eenia. M\u00e1 troch \u010dlenov, ktor\u00ed s\u00fa volen\u00ed Valn\u00fdm zhroma\u017eden\u00edm \u010dlenov IFHS na 5 rokov.<\/p>\n\n\n\n<p>Rada&nbsp; IFHS najm\u00e4:<\/p>\n\n\n\n<ol type=\"a\">\n<li>schva\u013euje zmenu stanov IFHS,<\/li>\n\n\n\n<li>schva\u013euje pl\u00e1n \u010dinnost\u00ed a rozpo\u010det IFHS,<\/li>\n\n\n\n<li>ur\u010duje pl\u00e1ny, projekty a ciele hospod\u00e1renia IFHS a za t\u00fdmto \u00fa\u010delom uklad\u00e1 pokyny riadite\u013eovi,<\/li>\n\n\n\n<li>ur\u010duje v\u00fd\u0161ku \u010dlensk\u00fdch poplatkov,<\/li>\n\n\n\n<li>rozhoduje o prijat\u00ed za \u010dlena IFHS,<\/li>\n\n\n\n<li>rozhoduje o vyl\u00fa\u010den\u00ed \u010dlena zo IFHS,<\/li>\n\n\n\n<li>rozhoduje o&nbsp;pozastaven\u00ed \u010dlenstva,<\/li>\n\n\n\n<li>menuje a odvol\u00e1va riadite\u013ea,<\/li>\n\n\n\n<li>schva\u013euje intern\u00e9 predpisy zdru\u017eenia, ktor\u00fdch schv\u00e1lenie nie je vyhraden\u00e9 do p\u00f4sobnosti Valn\u00e9ho zhroma\u017edenia \u010dlenov IFHS,<\/li>\n\n\n\n<li>schva\u013euje pl\u00e1n \u010dinnosti a navrhuje aktivity zdru\u017eenia,<\/li>\n\n\n\n<li>vol\u00ed a odvol\u00e1va reprezentantov na rokovania s org\u00e1nmi verejnej spr\u00e1vy a&nbsp;s in\u00fdmi organiz\u00e1ciami sleduj\u00facimi podobn\u00e9 ciele v Slovenskej republike a zahrani\u010d\u00ed,<\/li>\n\n\n\n<li>rozhoduje o \u010fal\u0161\u00edch z\u00e1sadn\u00fdch ot\u00e1zkach t\u00fdkaj\u00facich sa IFHS.<\/li>\n<\/ol>\n\n\n\n<p>Rada rozhoduje:<\/p>\n\n\n\n<ol type=\"a\">\n<li>uzneseniami na svojich zasadnutiach<\/li>\n<\/ol>\n\n\n\n<p>b) p\u00edsomn\u00fdm hlasovan\u00edm,<\/p>\n\n\n\n<p>c) elektronickou po\u0161tou,<\/p>\n\n\n\n<p>d) in\u00fdm technicky vykonate\u013en\u00fdm prostriedkom.<\/p>\n\n\n\n<p>Zasadnutie Rady IFHS zvol\u00e1va predseda alebo poveren\u00fd \u010dlen rady.<\/p>\n\n\n\n<p>O&nbsp;odmen\u00e1ch pre \u010dlenov rady rozhoduje Valn\u00e9 zhroma\u017edenie IFHS.<\/p>\n\n\n\n<p><strong>\u010cl\u00e1nok 7<\/strong><\/p>\n\n\n\n<p><strong>Riadite\u013e IFHS<\/strong><\/p>\n\n\n\n<p>Riadite\u013e IFHS je v\u00fdkonn\u00fdm a \u0161tatut\u00e1rnym org\u00e1nom zdru\u017eenia, ktor\u00fd spravuje a riadi zdru\u017eenie a je opr\u00e1vnen\u00fd kona\u0165 samostatne v mene zdru\u017eenia navonok. Riadite\u013e IFHS najm\u00e4 zabezpe\u010duje administrat\u00edve a obslu\u017en\u00e9 aktivity s\u00favisiace s \u010dinnos\u0165ou zdru\u017eenia.<\/p>\n\n\n\n<p>Za v\u00fdkon svojej \u010dinnosti zodpoved\u00e1 riadite\u013e Valn\u00e9mu zhroma\u017edeniu \u010dlenov IFHS a&nbsp;Rade IFHS. O odmene riadite\u013ea rozhoduje Rada IFHS.<\/p>\n\n\n\n<p>Riadite\u013e najm\u00e4:<\/p>\n\n\n\n<ul>\n<li>pln\u00ed uznesenia Valn\u00e9ho zhroma\u017edenia \u010dlenov IFHS a pokyny Rady IFHS,<\/li>\n\n\n\n<li>hospod\u00e1ri s majetkom zdru\u017eenia,<\/li>\n\n\n\n<li>zvol\u00e1va zasadnutia Valn\u00e9ho zhroma\u017edenia \u010dlenov IFHS,<\/li>\n\n\n\n<li>zabezpe\u010duje vedenie \u00fa\u010dtovn\u00edctva,<\/li>\n\n\n\n<li>vyprac\u00fava pl\u00e1n \u010dinnosti zdru\u017eenia, spr\u00e1vu o \u010dinnosti, n\u00e1vrh rozpo\u010dtu a spr\u00e1vu o hospod\u00e1ren\u00ed zdru\u017eenia.<\/li>\n<\/ul>\n\n\n\n<p>Riadite\u013e IFHS m\u00f4\u017ee zo svojej funkcie odst\u00fapi\u0165. V\u00fdkon funkcie sa kon\u010d\u00ed platn\u00fdm ustanoven\u00edm nov\u00e9ho riadite\u013ea radou, ktorej zasadnutie zvol\u00e1 najnesk\u00f4r do 1 mesiaca predseda rady, odkedy mu bolo doru\u010den\u00e9 ozn\u00e1menie o odst\u00fapen\u00ed riadite\u013ea.<\/p>\n\n\n\n<p><strong>\u010cl\u00e1nok 8<\/strong><\/p>\n\n\n\n<p><strong>Podmienky \u010dlenstva, pr\u00e1va a povinnosti \u010dlenov<\/strong><\/p>\n\n\n\n<p>1. \u010clenom IFHS sa m\u00f4\u017eu sta\u0165 fyzick\u00e9 a pr\u00e1vnick\u00e9 osoby, ktor\u00e9 splnia ni\u017e\u0161ie uveden\u00e9 podmienky a&nbsp;Rada IFHS &nbsp;ich prijme za \u010dlena, pri\u010dom \u010dlen, ktor\u00fd je fyzickou osobou hlasuje na zasadan\u00ed Valn\u00e9ho zhroma\u017edenia \u010dlenov IFHS osobne a \u010dlen, ktor\u00fd je pr\u00e1vnickou osobou disponuje hlasovac\u00edm pr\u00e1vom prostredn\u00edctvom svojho opr\u00e1vnen\u00e9ho z\u00e1stupcu.<\/p>\n\n\n\n<p>2. \u017diados\u0165 o prijatie mus\u00ed \u017eiadate\u013e poda\u0165 p\u00edsomne a mus\u00ed v nej uvies\u0165 v\u0161etky \u00fadaje potrebn\u00e9 k jej riadnemu pos\u00fadeniu. Z\u00e1kladnou podmienkou \u010dlenstva v IFHS je predch\u00e1dzaj\u00faca \u010dinnos\u0165 spojen\u00e1 s aktivitami zdru\u017eenia. Detailn\u00e9 n\u00e1le\u017eitosti \u017eiadosti stanov\u00ed riadite\u013e IFHS. O \u017eiadosti, ktor\u00e1 obsahuje potrebn\u00e9 n\u00e1le\u017eitosti rozhodne Rada IFHS na svojej najbli\u017e\u0161ej sch\u00f4dzi. V\u00fdsledok hlasovania ozn\u00e1mi riadite\u013e IFHS \u017eiadate\u013eovi o \u010dlenstvo p\u00edsomne. V pr\u00edpade kladn\u00e9ho rozhodnutia sa \u017eiadate\u013e st\u00e1va \u010dlenom IFHS odo d\u0148a nasleduj\u00faceho po dni, kedy o \u010dlenstve rozhodla Rada IFHS.<\/p>\n\n\n\n<p>3. \u010clenstvo zanik\u00e1: p\u00edsomn\u00fdm prehl\u00e1sen\u00edm \u010dlena o vyst\u00fapen\u00ed zaslan\u00e9ho riadite\u013eovi IFHS a to v de\u0148, kedy bolo ozn\u00e1menie doru\u010den\u00e9 riadite\u013eovi IFHS, vyl\u00fa\u010den\u00edm \u010dlena Radou IFHS v&nbsp;pr\u00edpade, ak kon\u00e1 v rozpore s cie\u013emi a z\u00e1sadami \u010dinnosti IFHS alebo opakovane nedodr\u017eiava rozhodnutia org\u00e1nov IFHS, \u00famrt\u00edm \u010dlena, z\u00e1nikom IFHS alebo&nbsp;z\u00e1nikom pr\u00e1vnickej osoby, ktor\u00e1 je \u010dlenom IFHS.<\/p>\n\n\n\n<p>4. \u010clenovia IFHS maj\u00fa pr\u00e1vo: z\u00fa\u010dast\u0148ova\u0165 sa na \u010dinnosti IFHS, voli\u0165 a by\u0165 volen\u00ed do org\u00e1nov IFHS pri\u010dom ka\u017ed\u00fd \u010dlen disponuje jedn\u00fdm hlasom, pod\u00e1va\u0165 n\u00e1vrhy a odpor\u00fa\u010dania v\u0161etk\u00fdm org\u00e1nom IFHS, by\u0165 informovan\u00ed o \u010dinnosti a z\u00e1meroch IFHS. \u010clenovia IFHS s\u00fa povinn\u00ed dodr\u017eiava\u0165 stanovy, plni\u0165 uznesenia org\u00e1nov IFHS a prispieva\u0165 t\u00fdm k napl\u0148ovaniu cie\u013eov IFHS.<\/p>\n\n\n\n<p><strong>\u010cl\u00e1nok 9<\/strong><\/p>\n\n\n\n<p><strong>Z\u00e1sady hospod\u00e1renia IFHS<\/strong><\/p>\n\n\n\n<p>1. Zdroje zdru\u017eenia tvoria dobrovo\u013en\u00e9 finan\u010dn\u00e9 a in\u00e9 prostriedky vo forme pr\u00edspevkov, grantov a darov od pr\u00e1vnick\u00fdch a fyzick\u00fdch os\u00f4b, dobrovo\u013en\u00fdch \u010dlensk\u00fdch pr\u00edspevkov, v\u00fd\u0165a\u017ekov z \u00fa\u010delov\u00fdch akci\u00ed a verejn\u00fdch zbierok, \u00farokov z finan\u010dn\u00fdch prostriedkov v pe\u0148a\u017en\u00fdch \u00fastavoch a v\u00fdnosov z vlastnej \u010dinnosti. Hospod\u00e1renie zdru\u017eenia je neziskov\u00e9.<\/p>\n\n\n\n<p>2. Rozhodnutia v oblasti hospod\u00e1renia, ako aj prijatie nov\u00fdch z\u00e1v\u00e4zkov vykon\u00e1va riadite\u013e IFHS, pokia\u013e stanovy neur\u010duj\u00fa inak. Opatrenia zabezpe\u010duj\u00fa ostatn\u00e9 org\u00e1ny IFHS pod\u013ea svojej p\u00f4sobnosti.<\/p>\n\n\n\n<p>3. Prostriedky zdru\u017eenia musia by\u0165 pou\u017eit\u00e9 v s\u00falade s cie\u013emi IFHS.<\/p>\n\n\n\n<p><strong>\u010cl\u00e1nok 10<\/strong><\/p>\n\n\n\n<p><strong>Zru\u0161enie zdru\u017eenia<\/strong><\/p>\n\n\n\n<p>1. Zdru\u017eenie m\u00f4\u017ee by\u0165 zru\u0161en\u00e9 bu\u010f zl\u00fa\u010den\u00edm s in\u00fdm zdru\u017een\u00edm alebo dobrovo\u013en\u00fdm rozpusten\u00edm. Podmienkou zru\u0161enia IFHS je s\u00fahlas aspo\u0148 dvoch tret\u00edn v\u0161etk\u00fdch \u010dlenov zdru\u017eenia. Valn\u00e9 zhroma\u017edenie \u010dlenov IFHS ur\u010duje likvid\u00e1tora. Zdru\u017eenie m\u00f4\u017ee by\u0165 zru\u0161en\u00e9 aj pr\u00e1voplatn\u00fdm rozhodnut\u00edm Ministerstva vn\u00fatra o jeho rozpusten\u00ed.<\/p>\n\n\n\n<p>2. Pri zru\u0161en\u00ed zdru\u017eenia likvid\u00e1tor vykon\u00e1 majetkov\u00e9 vysporiadanie a zabezpe\u010d\u00ed z majetku IFHS \u00fahradu z\u00e1v\u00e4zkov zdru\u017eenia. O pou\u017eit\u00ed majetku zdru\u017eenia zost\u00e1vaj\u00faceho po vyrovnan\u00ed v\u0161etk\u00fdch z\u00e1v\u00e4zkov rozhodne Valn\u00e9 zhroma\u017edenie \u010dlenov IFHS nadpolovi\u010dnou v\u00e4\u010d\u0161inou v\u0161etk\u00fdch jeho \u010dlenov na z\u00e1klade n\u00e1vrhu likvid\u00e1tora. Majetok v pr\u00edpade likvid\u00e1cie m\u00f4\u017ee by\u0165 poskytnut\u00fd len organiz\u00e1cii s neziskov\u00fdm sp\u00f4sobom hospod\u00e1renia.<\/p>\n\n\n\n<p><strong>\u010cl\u00e1nok 11<\/strong><\/p>\n\n\n\n<p><strong>Z\u00e1vere\u010dn\u00e9 ustanovenia<\/strong><\/p>\n\n\n\n<p>1. Zmena Stanov podlieha s\u00fahlasu dvoch tret\u00edn v\u0161etk\u00fdch \u010dlenov IFHS.<\/p>\n\n\n\n<p>2. N\u00e1vrh stanov bol prerokovan\u00fd a schv\u00e1len\u00fd pr\u00edpravn\u00fdm v\u00fdborom IFHS na jeho zasadnut\u00ed d\u0148a 06. 06. 2023<\/p>\n\n\n\n<p>3. IFHS vznik\u00e1 registr\u00e1ciou na Ministerstve vn\u00fatra, stanovy nadob\u00fadaj\u00fa \u00fa\u010dinnos\u0165 d\u0148om registr\u00e1cie zdru\u017eenia.<\/p>\n","protected":false},"excerpt":{"rendered":"<p>STANOVY OB\u010cIANSKEHO ZDRU\u017dENIA pod\u013ea z\u00e1kona \u010d. 83\/1990 Zb. o zdru\u017eovan\u00ed ob\u010danov v znen\u00ed neskor\u0161\u00edch predpisov \u010cl\u00e1nok I Z\u00e1kladn\u00e9 ustanovenia \u010cl\u00e1nok II Ciele zdru\u017eenia a hlavn\u00e1 \u010dinnos\u0165 a) Realiz\u00e1ciu v\u00fdskumu a&nbsp;rie\u0161enie v\u00fdskumn\u00fdch projektov hlavne v&nbsp;oblasti hodn\u00f4t trvalo udr\u017eate\u013en\u00e9ho rozvoja v&nbsp;glob\u00e1lnom kontexte tak, ako s\u00fa zadefinovan\u00e9 v&nbsp;cie\u013eoch udr\u017eate\u013en\u00e9ho rozvoja Organiz\u00e1cie spojen\u00fdch n\u00e1rodov. b) Implement\u00e1cia v\u00fdsledkov v\u00fdskumu do [&hellip;]<\/p>\n","protected":false},"author":1,"featured_media":0,"parent":0,"menu_order":0,"comment_status":"closed","ping_status":"closed","template":"","meta":{"om_disable_all_campaigns":false,"_monsterinsights_skip_tracking":false,"_monsterinsights_sitenote_active":false,"_monsterinsights_sitenote_note":"","_monsterinsights_sitenote_category":0,"footnotes":""},"aioseo_notices":[],"_links":{"self":[{"href":"https:\/\/humanities-sustainability.com\/index.php\/wp-json\/wp\/v2\/pages\/18"}],"collection":[{"href":"https:\/\/humanities-sustainability.com\/index.php\/wp-json\/wp\/v2\/pages"}],"about":[{"href":"https:\/\/humanities-sustainability.com\/index.php\/wp-json\/wp\/v2\/types\/page"}],"author":[{"embeddable":true,"href":"https:\/\/humanities-sustainability.com\/index.php\/wp-json\/wp\/v2\/users\/1"}],"replies":[{"embeddable":true,"href":"https:\/\/humanities-sustainability.com\/index.php\/wp-json\/wp\/v2\/comments?post=18"}],"version-history":[{"count":2,"href":"https:\/\/humanities-sustainability.com\/index.php\/wp-json\/wp\/v2\/pages\/18\/revisions"}],"predecessor-version":[{"id":50,"href":"https:\/\/humanities-sustainability.com\/index.php\/wp-json\/wp\/v2\/pages\/18\/revisions\/50"}],"wp:attachment":[{"href":"https:\/\/humanities-sustainability.com\/index.php\/wp-json\/wp\/v2\/media?parent=18"}],"curies":[{"name":"wp","href":"https:\/\/api.w.org\/{rel}","templated":true}]}}